{"id":3818,"date":"2021-04-26T10:45:53","date_gmt":"2021-04-26T08:45:53","guid":{"rendered":"https:\/\/apartment-piran.com\/?page_id=3818"},"modified":"2021-04-26T23:17:52","modified_gmt":"2021-04-26T21:17:52","slug":"aktuelle-covid-einschraenkungen","status":"publish","type":"page","link":"https:\/\/apartment-piran.com\/de\/aktuelle-covid-einschraenkungen\/","title":{"rendered":"Aktuelle COVID-Einschr\u00e4nkungen"},"content":{"rendered":"<p><div class=\"fusion-fullwidth fullwidth-box fusion-builder-row-1 nonhundred-percent-fullwidth non-hundred-percent-height-scrolling\" style=\"background-color: rgba(255,255,255,0);background-position: center center;background-repeat: no-repeat;padding-top:0px;padding-right:0px;padding-bottom:0px;padding-left:0px;margin-bottom: 0px;margin-top: 0px;border-width: 0px 0px 0px 0px;border-color:#eae9e9;border-style:solid;\" ><div class=\"fusion-builder-row fusion-row\"><div class=\"fusion-layout-column fusion_builder_column fusion-builder-column-0 fusion_builder_column_1_1 1_1 fusion-one-full fusion-column-first fusion-column-last\" style=\"margin-top:0px;margin-bottom:0px;\"><div class=\"fusion-column-wrapper fusion-flex-column-wrapper-legacy\" style=\"background-image: linear-gradient(180deg, #8bc34a 0%,#8bc34a 100%);background-position:left top;background-repeat:no-repeat;-webkit-background-size:cover;-moz-background-size:cover;-o-background-size:cover;background-size:cover;padding: 10px 20px 10px 20px;\"><style type=\"text\/css\"><\/style><div class=\"fusion-title title fusion-title-1 fusion-sep-none fusion-title-text fusion-title-size-two\" style=\"margin-top:0px;margin-right:0px;margin-bottom:31px;margin-left:0px;\"><h2 class=\"title-heading-left\" style=\"margin:0;\"><strong>Aufgrund der derzeitigen Ma\u00dfnahmen und des gegenseitigen Wunsches, die Verbreitung des neuen Coronavirus COVID-19 zu begrenzen, hat die Regierung die Bedingungen festgelegt, unter denen wir unsere T\u00fcren wieder f\u00fcr Sie \u00f6ffnen d\u00fcrfen. Bitte lesen Sie die folgenden Bedingungen, bevor Sie unsere Unterkunft buchen. Die Bedingungen gelten ab dem 26.04.2021 bis auf weiteres:<\/strong><\/h2><\/div><div class=\"fusion-clearfix\"><\/div><\/div><\/div><div class=\"fusion-layout-column fusion_builder_column fusion-builder-column-1 fusion_builder_column_2_3 2_3 fusion-two-third fusion-column-first\" style=\"width:66.666666666667%;width:calc(66.666666666667% - ( ( 4% ) * 0.66666666666667 ) );margin-right: 4%;margin-top:0px;margin-bottom:0px;\"><div class=\"fusion-column-wrapper fusion-flex-column-wrapper-legacy\" style=\"background-position:left top;background-repeat:no-repeat;-webkit-background-size:cover;-moz-background-size:cover;-o-background-size:cover;background-size:cover;border-width: 0 2px 0 0;border-color:#8bc34a;border-style:solid;padding: 10px 20px 10px 20px;\"><style type=\"text\/css\"><\/style><div class=\"fusion-title title fusion-title-2 fusion-sep-none fusion-title-text fusion-title-size-three\" style=\"margin-top:0px;margin-right:0px;margin-bottom:31px;margin-left:0px;\"><h3 class=\"title-heading-left\" style=\"margin:0;\">Reisen aus pers\u00f6nlichen Gr\u00fcnden:<\/h3><\/div><div class=\"fusion-text fusion-text-1\"><p>Personen, die aus pers\u00f6nlichen und Freizeitgr\u00fcnden bei uns buchen wollen, m\u00fcssen EINE der folgenden Bedingungen erf\u00fcllen:<\/p>\n<ul>\n<li>Nachweis der Impfung mit einem COVID-19-Impfstoff wie folgt:\n<ul>\n<li><strong>PFIZER\/BIONTECH<\/strong>: 7 Tage nach Verabreichung der 2. Dosis<\/li>\n<li><strong>MODERNA<\/strong>: 14 Tage nach Verabreichung der 2. Dosis<\/li>\n<li><strong>ASTRAZENECA<\/strong>: 21 Tage nach Verabreichung der 1. Dosis<\/li>\n<li><strong>COVISHIELD (AZ India):\u00a0<\/strong>21 Tage nach Verabreichung der 1. Dosis<\/li>\n<li><strong>SINOVAC BIOTECH: <\/strong>14 Tage nach Verabreichung der 2. Dosis<\/li>\n<li><strong>SINOPHARM: <\/strong>14\u00a0Tage nach Verabreichung der 2. Dosis<\/li>\n<li><strong>SPUTNIK V<\/strong>: 21 Tage nach Verabreichung der 1. Dosis<\/li>\n<li><strong>JOHNSON &amp; JOHNSON (JANSSEN)<\/strong>: 21 Tage nach Verabreichung der einzigen Dosis<\/li>\n<\/ul>\n<\/li>\n<li>In der EU, im Schengen-Raum, in Gro\u00dfbritannien und in den USA wurde ein <strong>NEGATIVER<\/strong> Test durchgef\u00fchrt (PCR oder Antigen).<\/li>\n<li>In der EU, im Schengen-Raum, im Gro\u00dfbritannien und in den USA (PCR oder Antigen) wurde ein <strong>POSITIVER<\/strong> Test durchgef\u00fchrt, der \u00e4lter als 21 Tage, aber j\u00fcnger als 180 Tage ist<\/li>\n<\/ul>\n<\/div><div class=\"fusion-clearfix\"><\/div><\/div><\/div><div class=\"fusion-layout-column fusion_builder_column fusion-builder-column-2 fusion_builder_column_1_3 1_3 fusion-one-third fusion-column-last\" style=\"width:33.333333333333%;width:calc(33.333333333333% - ( ( 4% ) * 0.33333333333333 ) );margin-top:0px;margin-bottom:0px;\"><div class=\"fusion-column-wrapper fusion-flex-column-wrapper-legacy\" style=\"background-position:left top;background-repeat:no-repeat;-webkit-background-size:cover;-moz-background-size:cover;-o-background-size:cover;background-size:cover;padding: 10px 20px 10px 20px;\"><style type=\"text\/css\"><\/style><div class=\"fusion-title title fusion-title-3 fusion-sep-none fusion-title-text fusion-title-size-three\" style=\"margin-top:0px;margin-right:0px;margin-bottom:31px;margin-left:0px;\"><h3 class=\"title-heading-left\" style=\"margin:0;\">Gesch\u00e4ftsreisen (B2B):<\/h3><\/div><div class=\"fusion-text fusion-text-2\"><p>Personen, die zu uns kommen, um wirtschaftliche Aktivit\u00e4ten durchzuf\u00fchren (B2B-Reisen). Bei der Buchung ben\u00f6tigen wir:<\/p>\n<ul>\n<li>Vollst\u00e4ndiger Name der juristischen Person, die die Dienstleistung bezahlt (Firmenname, Titel, Steuernummer oder Umsatzsteuer-Identifikationsnummer)<\/li>\n<li>Ein Gesch\u00e4ftsgrund, nach Piran zu kommen<\/li>\n<\/ul>\n<p>Bei der Ankunft muss eine Erkl\u00e4rung unterschrieben werden, die den Gastgeber \u00fcber die Art der Reise informiert.<\/p>\n<p>Alle Personen, die in der Wohnung wohnen, werden bei den \u00f6rtlichen Beh\u00f6rden registriert, um die Kurtaxe zu erheben.<\/p>\n<\/div><div class=\"fusion-clearfix\"><\/div><\/div><\/div><div class=\"fusion-layout-column fusion_builder_column fusion-builder-column-3 fusion_builder_column_1_1 1_1 fusion-one-full fusion-column-first fusion-column-last\" style=\"margin-top:0px;margin-bottom:0px;\"><div class=\"fusion-column-wrapper fusion-flex-column-wrapper-legacy\" style=\"background-position:left top;background-repeat:no-repeat;-webkit-background-size:cover;-moz-background-size:cover;-o-background-size:cover;background-size:cover;padding: 10px 20px 10px 20px;\"><div class=\"fusion-sep-clear\"><\/div><div class=\"fusion-separator fusion-has-icon fusion-full-width-sep\" style=\"margin-left: auto;margin-right: auto;width:100%;\"><div class=\"fusion-separator-border sep-single sep-solid\" style=\"border-color:#8bc34a;border-top-width:3px;\"><\/div><span class=\"icon-wrapper\" style=\"border-color:#8bc34a;background-color:rgba(255,255,255,0);font-size:13px;width: 1.75em; height: 1.75em;border-width:3px;padding:3px;margin-top:-1.5px\"><i class=\"fa-bed fas\" style=\"font-size: inherit;color:#8bc34a;\" aria-hidden=\"true\"><\/i><\/span><div class=\"fusion-separator-border sep-single sep-solid\" style=\"border-color:#8bc34a;border-top-width:3px;\"><\/div><\/div><div class=\"fusion-sep-clear\"><\/div><div class=\"fusion-clearfix\"><\/div><\/div><\/div><\/div><\/div><div class=\"fusion-fullwidth fullwidth-box fusion-builder-row-2 nonhundred-percent-fullwidth non-hundred-percent-height-scrolling\" style=\"background-color: rgba(255,255,255,0);background-position: center center;background-repeat: no-repeat;padding-top:0px;padding-right:0px;padding-bottom:0px;padding-left:0px;margin-bottom: 0px;margin-top: 0px;border-width: 0px 0px 0px 0px;border-color:#eae9e9;border-style:solid;\" ><div class=\"fusion-builder-row fusion-row\"><div class=\"fusion-layout-column fusion_builder_column fusion-builder-column-4 fusion_builder_column_1_2 1_2 fusion-one-half fusion-column-first\" style=\"width:50%;width:calc(50% - ( ( 4% ) * 0.5 ) );margin-right: 4%;margin-top:0px;margin-bottom:20px;\"><div class=\"fusion-column-wrapper fusion-flex-column-wrapper-legacy\" style=\"background-position:left top;background-repeat:no-repeat;-webkit-background-size:cover;-moz-background-size:cover;-o-background-size:cover;background-size:cover;padding: 0px 0px 0px 0px;\"><div class=\"fusion-align-block\"><style>.fusion-body .fusion-button.button-1{border-radius:0px 0px 0px 0px;}<\/style><a class=\"fusion-button button-flat fusion-button-default-size button-default button-1 fusion-button-span-yes fusion-button-default-type\" target=\"_self\" href=\"https:\/\/apartment-piran.com\/en\/about-us\/\"><span class=\"fusion-button-text\">General conditions<\/span><\/a><\/div><div class=\"fusion-clearfix\"><\/div><\/div><\/div><div class=\"fusion-layout-column fusion_builder_column fusion-builder-column-5 fusion_builder_column_1_2 1_2 fusion-one-half fusion-column-last\" style=\"width:50%;width:calc(50% - ( ( 4% ) * 0.5 ) );margin-top:0px;margin-bottom:20px;\"><div class=\"fusion-column-wrapper fusion-flex-column-wrapper-legacy\" style=\"background-position:left top;background-repeat:no-repeat;-webkit-background-size:cover;-moz-background-size:cover;-o-background-size:cover;background-size:cover;padding: 0px 0px 0px 0px;\"><div class=\"fusion-align-block\"><style>.fusion-body .fusion-button.button-2{border-radius:0px 0px 0px 0px;}<\/style><a class=\"fusion-button button-flat fusion-button-default-size button-default button-2 fusion-button-span-yes fusion-button-default-type\" target=\"_self\" href=\"https:\/\/apartment-piran.com\/en\/apartments\/\"><span class=\"fusion-button-text\">Our apartments<\/span><\/a><\/div><div class=\"fusion-clearfix\"><\/div><\/div><\/div><\/div><\/div><\/p>\n","protected":false},"excerpt":{"rendered":"","protected":false},"author":2,"featured_media":0,"parent":0,"menu_order":0,"comment_status":"closed","ping_status":"closed","template":"","meta":{"footnotes":""},"class_list":["post-3818","page","type-page","status-publish","hentry"],"yoast_head":"<!-- This site is optimized with the Yoast SEO plugin v27.4 - https:\/\/yoast.com\/product\/yoast-seo-wordpress\/ -->\n<title>Aktuelle COVID-Einschr\u00e4nkungen - Topline Apartments Piran<\/title>\n<meta name=\"robots\" content=\"index, follow, max-snippet:-1, max-image-preview:large, max-video-preview:-1\" \/>\n<link rel=\"canonical\" href=\"https:\/\/apartment-piran.com\/de\/aktuelle-covid-einschraenkungen\/\" \/>\n<meta property=\"og:locale\" content=\"de_DE\" \/>\n<meta property=\"og:type\" content=\"article\" \/>\n<meta property=\"og:title\" content=\"Aktuelle COVID-Einschr\u00e4nkungen - Topline Apartments Piran\" \/>\n<meta property=\"og:url\" content=\"https:\/\/apartment-piran.com\/de\/aktuelle-covid-einschraenkungen\/\" \/>\n<meta property=\"og:site_name\" content=\"Topline Apartments Piran\" \/>\n<meta property=\"article:modified_time\" content=\"2021-04-26T21:17:52+00:00\" \/>\n<meta name=\"twitter:card\" content=\"summary_large_image\" \/>\n<meta name=\"twitter:label1\" content=\"Gesch\u00e4tzte Lesezeit\" \/>\n\t<meta name=\"twitter:data1\" content=\"7\u00a0Minuten\" \/>\n<script type=\"application\/ld+json\" class=\"yoast-schema-graph\">{\"@context\":\"https:\\\/\\\/schema.org\",\"@graph\":[{\"@type\":\"WebPage\",\"@id\":\"https:\\\/\\\/apartment-piran.com\\\/de\\\/aktuelle-covid-einschraenkungen\\\/\",\"url\":\"https:\\\/\\\/apartment-piran.com\\\/de\\\/aktuelle-covid-einschraenkungen\\\/\",\"name\":\"Aktuelle COVID-Einschr\u00e4nkungen - Topline Apartments Piran\",\"isPartOf\":{\"@id\":\"https:\\\/\\\/apartment-piran.com\\\/#website\"},\"datePublished\":\"2021-04-26T08:45:53+00:00\",\"dateModified\":\"2021-04-26T21:17:52+00:00\",\"breadcrumb\":{\"@id\":\"https:\\\/\\\/apartment-piran.com\\\/de\\\/aktuelle-covid-einschraenkungen\\\/#breadcrumb\"},\"inLanguage\":\"de\",\"potentialAction\":[{\"@type\":\"ReadAction\",\"target\":[\"https:\\\/\\\/apartment-piran.com\\\/de\\\/aktuelle-covid-einschraenkungen\\\/\"]}]},{\"@type\":\"BreadcrumbList\",\"@id\":\"https:\\\/\\\/apartment-piran.com\\\/de\\\/aktuelle-covid-einschraenkungen\\\/#breadcrumb\",\"itemListElement\":[{\"@type\":\"ListItem\",\"position\":1,\"name\":\"Home\",\"item\":\"https:\\\/\\\/apartment-piran.com\\\/de\\\/\"},{\"@type\":\"ListItem\",\"position\":2,\"name\":\"Aktuelle COVID-Einschr\u00e4nkungen\"}]},{\"@type\":\"WebSite\",\"@id\":\"https:\\\/\\\/apartment-piran.com\\\/#website\",\"url\":\"https:\\\/\\\/apartment-piran.com\\\/\",\"name\":\"Topline Apartments Piran\",\"description\":\"Private accomodation apartments in Piran, Slovenia\",\"potentialAction\":[{\"@type\":\"SearchAction\",\"target\":{\"@type\":\"EntryPoint\",\"urlTemplate\":\"https:\\\/\\\/apartment-piran.com\\\/?s={search_term_string}\"},\"query-input\":{\"@type\":\"PropertyValueSpecification\",\"valueRequired\":true,\"valueName\":\"search_term_string\"}}],\"inLanguage\":\"de\"}]}<\/script>\n<!-- \/ Yoast SEO plugin. -->","yoast_head_json":{"title":"Aktuelle COVID-Einschr\u00e4nkungen - Topline Apartments Piran","robots":{"index":"index","follow":"follow","max-snippet":"max-snippet:-1","max-image-preview":"max-image-preview:large","max-video-preview":"max-video-preview:-1"},"canonical":"https:\/\/apartment-piran.com\/de\/aktuelle-covid-einschraenkungen\/","og_locale":"de_DE","og_type":"article","og_title":"Aktuelle COVID-Einschr\u00e4nkungen - Topline Apartments Piran","og_url":"https:\/\/apartment-piran.com\/de\/aktuelle-covid-einschraenkungen\/","og_site_name":"Topline Apartments Piran","article_modified_time":"2021-04-26T21:17:52+00:00","twitter_card":"summary_large_image","twitter_misc":{"Gesch\u00e4tzte Lesezeit":"7\u00a0Minuten"},"schema":{"@context":"https:\/\/schema.org","@graph":[{"@type":"WebPage","@id":"https:\/\/apartment-piran.com\/de\/aktuelle-covid-einschraenkungen\/","url":"https:\/\/apartment-piran.com\/de\/aktuelle-covid-einschraenkungen\/","name":"Aktuelle COVID-Einschr\u00e4nkungen - Topline Apartments Piran","isPartOf":{"@id":"https:\/\/apartment-piran.com\/#website"},"datePublished":"2021-04-26T08:45:53+00:00","dateModified":"2021-04-26T21:17:52+00:00","breadcrumb":{"@id":"https:\/\/apartment-piran.com\/de\/aktuelle-covid-einschraenkungen\/#breadcrumb"},"inLanguage":"de","potentialAction":[{"@type":"ReadAction","target":["https:\/\/apartment-piran.com\/de\/aktuelle-covid-einschraenkungen\/"]}]},{"@type":"BreadcrumbList","@id":"https:\/\/apartment-piran.com\/de\/aktuelle-covid-einschraenkungen\/#breadcrumb","itemListElement":[{"@type":"ListItem","position":1,"name":"Home","item":"https:\/\/apartment-piran.com\/de\/"},{"@type":"ListItem","position":2,"name":"Aktuelle COVID-Einschr\u00e4nkungen"}]},{"@type":"WebSite","@id":"https:\/\/apartment-piran.com\/#website","url":"https:\/\/apartment-piran.com\/","name":"Topline Apartments Piran","description":"Private accomodation apartments in Piran, Slovenia","potentialAction":[{"@type":"SearchAction","target":{"@type":"EntryPoint","urlTemplate":"https:\/\/apartment-piran.com\/?s={search_term_string}"},"query-input":{"@type":"PropertyValueSpecification","valueRequired":true,"valueName":"search_term_string"}}],"inLanguage":"de"}]}},"_links":{"self":[{"href":"https:\/\/apartment-piran.com\/de\/wp-json\/wp\/v2\/pages\/3818","targetHints":{"allow":["GET"]}}],"collection":[{"href":"https:\/\/apartment-piran.com\/de\/wp-json\/wp\/v2\/pages"}],"about":[{"href":"https:\/\/apartment-piran.com\/de\/wp-json\/wp\/v2\/types\/page"}],"author":[{"embeddable":true,"href":"https:\/\/apartment-piran.com\/de\/wp-json\/wp\/v2\/users\/2"}],"replies":[{"embeddable":true,"href":"https:\/\/apartment-piran.com\/de\/wp-json\/wp\/v2\/comments?post=3818"}],"version-history":[{"count":3,"href":"https:\/\/apartment-piran.com\/de\/wp-json\/wp\/v2\/pages\/3818\/revisions"}],"predecessor-version":[{"id":3824,"href":"https:\/\/apartment-piran.com\/de\/wp-json\/wp\/v2\/pages\/3818\/revisions\/3824"}],"wp:attachment":[{"href":"https:\/\/apartment-piran.com\/de\/wp-json\/wp\/v2\/media?parent=3818"}],"curies":[{"name":"wp","href":"https:\/\/api.w.org\/{rel}","templated":true}]}}