{"id":843,"date":"2018-01-18T15:37:19","date_gmt":"2018-01-18T14:37:19","guid":{"rendered":"https:\/\/apartment-piran.com\/\/about-piran\/"},"modified":"2021-03-08T13:06:43","modified_gmt":"2021-03-08T12:06:43","slug":"ueber-piran","status":"publish","type":"page","link":"https:\/\/apartment-piran.com\/de\/ueber-piran\/","title":{"rendered":"\u00dcber Piran"},"content":{"rendered":"<p><div class=\"fusion-fullwidth fullwidth-box fusion-builder-row-1 nonhundred-percent-fullwidth non-hundred-percent-height-scrolling\" style=\"background-color: rgba(255,255,255,0);background-position: center center;background-repeat: no-repeat;padding-top:0px;padding-right:0px;padding-bottom:0px;padding-left:0px;margin-bottom: 0px;margin-top: 0px;border-width: 0px 0px 0px 0px;border-color:#eae9e9;border-style:solid;\" ><div class=\"fusion-builder-row fusion-row\"><div class=\"fusion-layout-column fusion_builder_column fusion-builder-column-0 fusion_builder_column_1_1 1_1 fusion-one-full fusion-column-first fusion-column-last\" style=\"margin-top:0px;margin-bottom:0px;\"><div class=\"fusion-column-wrapper fusion-flex-column-wrapper-legacy\" style=\"background-position:left top;background-repeat:no-repeat;-webkit-background-size:cover;-moz-background-size:cover;-o-background-size:cover;background-size:cover;padding: 0px 0px 0px 0px;\"><div class=\"fusion-text fusion-text-1\"><p>Piran ist eine\u00a0 kleine\u00a0 Stadt\u00a0 im S\u00fcdwesten Sloweniens\u00a0 am \u00a0Golf \u00a0von\u00a0 \u00a0Piran an der Adria. Es ist eine der drei\u00a0 gro\u00dfen St\u00e4dte\u00a0 des Slowenischen\u00a0 Istrien. Die Stadt hat viel mittelalterliche\u00a0 Architektur mit engen Gassen und kompakten H\u00e4usern. Piran ist das Verwaltungszentrum \u00a0der Region und eine der wichtigsten Touristen attraktionen\u00a0 Sloweniens. Die \u00a0Stadt war Teil der Venezianischen Republik und verlieh Ihr den typisch Istrischen Charme.<\/p>\n<\/div><div class=\"fusion-clearfix\"><\/div><\/div><\/div><\/div><\/div><div class=\"fusion-fullwidth fullwidth-box fusion-builder-row-2 nonhundred-percent-fullwidth non-hundred-percent-height-scrolling\" style=\"background-color: rgba(255,255,255,0);background-position: center center;background-repeat: no-repeat;padding-top:0px;padding-right:0px;padding-bottom:0px;padding-left:0px;margin-bottom: 0px;margin-top: 0px;border-width: 0px 0px 0px 0px;border-color:#eae9e9;border-style:solid;\" ><div class=\"fusion-builder-row fusion-row\"><div class=\"fusion-layout-column fusion_builder_column fusion-builder-column-1 fusion_builder_column_1_2 1_2 fusion-one-half fusion-column-first\" style=\"width:50%;width:calc(50% - ( ( 4% ) * 0.5 ) );margin-right: 4%;margin-top:0px;margin-bottom:20px;\"><div class=\"fusion-column-wrapper fusion-flex-column-wrapper-legacy\" style=\"background-position:left top;background-repeat:no-repeat;-webkit-background-size:cover;-moz-background-size:cover;-o-background-size:cover;background-size:cover;padding: 0px 0px 0px 0px;\"><span class=\" fusion-imageframe imageframe-none imageframe-1 hover-type-none\"><img decoding=\"async\" width=\"800\" height=\"497\" title=\"Piran19century\" src=\"https:\/\/apartment-piran.com\/wp-content\/uploads\/2018\/03\/Piran19century.jpg\" alt class=\"img-responsive wp-image-844\" srcset=\"https:\/\/apartment-piran.com\/wp-content\/uploads\/2018\/03\/Piran19century-200x124.jpg 200w, https:\/\/apartment-piran.com\/wp-content\/uploads\/2018\/03\/Piran19century-400x249.jpg 400w, https:\/\/apartment-piran.com\/wp-content\/uploads\/2018\/03\/Piran19century-600x373.jpg 600w, https:\/\/apartment-piran.com\/wp-content\/uploads\/2018\/03\/Piran19century.jpg 800w\" sizes=\"(max-width: 800px) 100vw, 600px\" \/><\/span><div class=\"fusion-clearfix\"><\/div><\/div><\/div><div class=\"fusion-layout-column fusion_builder_column fusion-builder-column-2 fusion_builder_column_1_2 1_2 fusion-one-half fusion-column-last\" style=\"width:50%;width:calc(50% - ( ( 4% ) * 0.5 ) );margin-top:0px;margin-bottom:20px;\"><div class=\"fusion-column-wrapper fusion-flex-column-wrapper-legacy\" style=\"background-position:left top;background-repeat:no-repeat;-webkit-background-size:cover;-moz-background-size:cover;-o-background-size:cover;background-size:cover;padding: 0px 0px 0px 0px;\"><div class=\"fusion-text fusion-text-2\"><h2>Geschichte<\/h2>\n<p>In der vorr\u00f6mischen Zeit wurden die H\u00fcgel in der Region Piran von Illyrischen Histri-St\u00e4mmen bewohnt, die Bauern, J\u00e4ger und Fischer waren. Sie waren auch Piraten, die den R\u00f6mischen Handel an der Nordadria st\u00f6rten. Die \u00a0Piran-Halbinsel wurde 178 und 177 v. Chr. In das R\u00f6mische Reich eingegliedert und in den folgenden\u00a0 Jahren mit l\u00e4ndlichen H\u00e4usern (villaerusticae) besiedelt.<\/p>\n<p>Der Niedergang des R\u00f6mischen Reiches ab dem 5. Jahrhundert \u00a0n. Chr. Und die Einf\u00e4lle der Awaren und Slawen Ende des 6. Jahrhunderts\u00a0 veranlassten die R\u00f6mische Bev\u00f6lkerung, sich an leicht zu verteidigende Orte wie Inseln oder Halbinseln zur\u00fcckzuziehen. Dies f\u00fchrte zu einer lokalen Verst\u00e4dterung, und im 7. Jahrhundert war Piran unter byzantinischer Herrschaft stark befestigt. Trotz der Verteidigung eroberten die Franken 788 Istrien, und die Slawen lie\u00dfen sich in der Region nieder. Bis 952 war Piran Teil des Heiligen R\u00f6mischen Reiches geworden.<\/p>\n<\/div><div class=\"fusion-clearfix\"><\/div><\/div><\/div><\/div><\/div><div class=\"fusion-fullwidth fullwidth-box fusion-builder-row-3 fusion-parallax-fixed nonhundred-percent-fullwidth non-hundred-percent-height-scrolling\" style=\"background-color: rgba(255,255,255,0);background-image: url(&quot;https:\/\/apartment-piran.com\/\/wp-content\/uploads\/2018\/01\/piran.jpg&quot;);background-position: center center;background-repeat: no-repeat;padding-top:0px;padding-right:0px;padding-bottom:0px;padding-left:0px;margin-bottom: 0px;margin-top: 0px;border-width: 0px 0px 0px 0px;border-color:#eae9e9;border-style:solid;-webkit-background-size:cover;-moz-background-size:cover;-o-background-size:cover;background-size:cover;background-attachment:fixed;\" ><div class=\"fusion-builder-row fusion-row\"><div class=\"fusion-layout-column fusion_builder_column fusion-builder-column-3 fusion_builder_column_1_1 1_1 fusion-one-full fusion-column-first fusion-column-last\" style=\"margin-top:40px;margin-bottom:40px;\"><div class=\"fusion-column-wrapper fusion-flex-column-wrapper-legacy\" style=\"background-position:left top;background-repeat:no-repeat;-webkit-background-size:cover;-moz-background-size:cover;-o-background-size:cover;background-size:cover;background-color:rgba(255,255,255,0.75);padding: 30px 30px 30px 30px;\"><div class=\"fusion-text fusion-text-3\"><h2>Kultur und Bildung<\/h2>\n<p>Piran ist der Geburtsort des Komponisten und Geigers Giuseppe Tartini, der eine wichtige Rolle bei der Gestaltung seines kulturellen Erbes gespielt hat. Der Hauptplatz der Stadt, der Tartini-Platz (slowenisch: Tartinijev trg, italienisch: Piazza Tartini), ist nach Ihm benannt. Im Jahr 1892, dem 200. Jahrestag seiner Geburt, wurde in Piran ein Denkmal f\u00fcr Tartini errichtet. Der Venezianische K\u00fcnstler Antonio Dal Zotto wurde beauftragt, eine \u00fcberlebensgro\u00dfe Bronzestatue zu schaffen, die 1896 auf ihrem Sockel montiert wurde. Die Statue dominiert den Platz, der von der Kathedrale des Heiligen Georg \u00fcberragt wird. Der Maler Cesare Dell\u2019Acqua wurde ebenfalls in Piran geboren.<\/p>\n<p>Piran ist der Sitz der Euro-Mittelmeer-Universit\u00e4t Sloweniens (EMUNI), die 2008 als eines der Kulturprojekte des Barcelona-Prozesses gegr\u00fcndet wurde: Union f\u00fcr das Mittelmeer. Die Piraner K\u00fcsten Galerien, eine \u00f6ffentliche Einrichtung, die eine Gruppe von sechs \u00f6ffentlichen Galerien f\u00fcr zeitgen\u00f6ssische Kunst umfasst, hat ihren Sitz in Piran.<\/p>\n<\/div><div class=\"fusion-clearfix\"><\/div><\/div><\/div><\/div><\/div><div class=\"fusion-fullwidth fullwidth-box fusion-builder-row-4 nonhundred-percent-fullwidth non-hundred-percent-height-scrolling\" style=\"background-color: rgba(255,255,255,0);background-position: center center;background-repeat: no-repeat;padding-top:0px;padding-right:0px;padding-bottom:0px;padding-left:0px;margin-bottom: 0px;margin-top: 30px;border-width: 0px 0px 0px 0px;border-color:#eae9e9;border-style:solid;\" ><div class=\"fusion-builder-row fusion-row\"><div class=\"fusion-layout-column fusion_builder_column fusion-builder-column-4 fusion_builder_column_1_2 1_2 fusion-one-half fusion-column-first\" style=\"width:50%;width:calc(50% - ( ( 4% ) * 0.5 ) );margin-right: 4%;margin-top:0px;margin-bottom:20px;\"><div class=\"fusion-column-wrapper fusion-flex-column-wrapper-legacy\" style=\"background-position:left top;background-repeat:no-repeat;-webkit-background-size:cover;-moz-background-size:cover;-o-background-size:cover;background-size:cover;padding: 0px 0px 0px 0px;\"><div class=\"fusion-text fusion-text-4\"><h2>Geschichte<\/h2>\n<p>In der vorr\u00f6mischen Zeit wurden die H\u00fcgel in der Region Piran, von Illyrischen Histri-St\u00e4mmen bewohnt, die Bauern, J\u00e4ger und Fischer waren. Sie waren auch Piraten, die den R\u00f6mischen Handel an der n\u00f6rdlichen Adria st\u00f6rten. [2] Die Piran-Halbinselwurde 178 und 177 v. Chr. in das R\u00f6mische Reich eingegliedert und in den folgenden Jahren mit l\u00e4ndlichen H\u00e4usern (villaerusticae) besiedelt.<\/p>\n<p>Der Niedergang des R\u00f6mischen Reiches ab dem 5. Jahrhundert\u00a0 n. Chr., und die Einf\u00e4lle der Awaren und Slawen, Ende des 6. Jahrhunderts veranlassten die R\u00f6mische Bev\u00f6lkerung, sich an leicht zu verteidigende Orte, wie Inseln oder Halbinseln zur\u00fcckzuziehen. Dies f\u00fchrte zu einer lokalen Verst\u00e4dterung, und im 7. Jahrhundert war Piran unter byzantinischer Herrschaft stark befestigt. Trotz der Verteidigung eroberten die Franken 788 \u00a0Istrien, und die Slawen lie\u00dfen sich in der Region nieder. Bis 952 war Piran einTeil des Heiligen R\u00f6mischen Reiches geworden.<\/p>\n<\/div><div class=\"fusion-clearfix\"><\/div><\/div><\/div><div class=\"fusion-layout-column fusion_builder_column fusion-builder-column-5 fusion_builder_column_1_2 1_2 fusion-one-half fusion-column-last\" style=\"width:50%;width:calc(50% - ( ( 4% ) * 0.5 ) );margin-top:0px;margin-bottom:20px;\"><div class=\"fusion-column-wrapper fusion-flex-column-wrapper-legacy\" style=\"background-position:left top;background-repeat:no-repeat;-webkit-background-size:cover;-moz-background-size:cover;-o-background-size:cover;background-size:cover;padding: 0px 0px 0px 0px;\"><span class=\" fusion-imageframe imageframe-none imageframe-2 hover-type-none\"><img decoding=\"async\" width=\"1024\" height=\"785\" title=\"Tartini_Square_from_above_Piran_May_2009\" src=\"https:\/\/apartment-piran.com\/\/wp-content\/uploads\/2018\/03\/Tartini_Square_from_above_Piran_May_2009-1024x785.jpg\" alt class=\"img-responsive wp-image-884\" srcset=\"https:\/\/apartment-piran.com\/wp-content\/uploads\/2018\/03\/Tartini_Square_from_above_Piran_May_2009-200x153.jpg 200w, https:\/\/apartment-piran.com\/wp-content\/uploads\/2018\/03\/Tartini_Square_from_above_Piran_May_2009-400x307.jpg 400w, https:\/\/apartment-piran.com\/wp-content\/uploads\/2018\/03\/Tartini_Square_from_above_Piran_May_2009-600x460.jpg 600w, https:\/\/apartment-piran.com\/wp-content\/uploads\/2018\/03\/Tartini_Square_from_above_Piran_May_2009-800x613.jpg 800w, https:\/\/apartment-piran.com\/wp-content\/uploads\/2018\/03\/Tartini_Square_from_above_Piran_May_2009-1200x920.jpg 1200w, https:\/\/apartment-piran.com\/wp-content\/uploads\/2018\/03\/Tartini_Square_from_above_Piran_May_2009.jpg 1409w\" sizes=\"(max-width: 800px) 100vw, 600px\" \/><\/span><div class=\"fusion-clearfix\"><\/div><\/div><\/div><\/div><\/div><\/p>\n","protected":false},"excerpt":{"rendered":"","protected":false},"author":1,"featured_media":0,"parent":0,"menu_order":0,"comment_status":"closed","ping_status":"closed","template":"100-width.php","meta":{"footnotes":""},"class_list":["post-843","page","type-page","status-publish","hentry"],"yoast_head":"<!-- This site is optimized with the Yoast SEO plugin v27.3 - https:\/\/yoast.com\/product\/yoast-seo-wordpress\/ -->\n<title>\u00dcber Piran - Topline Apartments Piran<\/title>\n<meta name=\"robots\" content=\"index, follow, max-snippet:-1, max-image-preview:large, max-video-preview:-1\" \/>\n<link rel=\"canonical\" href=\"https:\/\/apartment-piran.com\/de\/ueber-piran\/\" \/>\n<meta property=\"og:locale\" content=\"de_DE\" \/>\n<meta property=\"og:type\" content=\"article\" \/>\n<meta property=\"og:title\" content=\"\u00dcber Piran - Topline Apartments Piran\" \/>\n<meta property=\"og:url\" content=\"https:\/\/apartment-piran.com\/de\/ueber-piran\/\" \/>\n<meta property=\"og:site_name\" content=\"Topline Apartments Piran\" \/>\n<meta property=\"article:modified_time\" content=\"2021-03-08T12:06:43+00:00\" \/>\n<meta name=\"twitter:card\" content=\"summary_large_image\" \/>\n<meta name=\"twitter:label1\" content=\"Gesch\u00e4tzte Lesezeit\" \/>\n\t<meta name=\"twitter:data1\" content=\"5\u00a0Minuten\" \/>\n<script type=\"application\/ld+json\" class=\"yoast-schema-graph\">{\"@context\":\"https:\\\/\\\/schema.org\",\"@graph\":[{\"@type\":\"WebPage\",\"@id\":\"https:\\\/\\\/apartment-piran.com\\\/de\\\/ueber-piran\\\/\",\"url\":\"https:\\\/\\\/apartment-piran.com\\\/de\\\/ueber-piran\\\/\",\"name\":\"\u00dcber Piran - Topline Apartments Piran\",\"isPartOf\":{\"@id\":\"https:\\\/\\\/apartment-piran.com\\\/#website\"},\"datePublished\":\"2018-01-18T14:37:19+00:00\",\"dateModified\":\"2021-03-08T12:06:43+00:00\",\"breadcrumb\":{\"@id\":\"https:\\\/\\\/apartment-piran.com\\\/de\\\/ueber-piran\\\/#breadcrumb\"},\"inLanguage\":\"de\",\"potentialAction\":[{\"@type\":\"ReadAction\",\"target\":[\"https:\\\/\\\/apartment-piran.com\\\/de\\\/ueber-piran\\\/\"]}]},{\"@type\":\"BreadcrumbList\",\"@id\":\"https:\\\/\\\/apartment-piran.com\\\/de\\\/ueber-piran\\\/#breadcrumb\",\"itemListElement\":[{\"@type\":\"ListItem\",\"position\":1,\"name\":\"Home\",\"item\":\"https:\\\/\\\/apartment-piran.com\\\/de\\\/\"},{\"@type\":\"ListItem\",\"position\":2,\"name\":\"\u00dcber Piran\"}]},{\"@type\":\"WebSite\",\"@id\":\"https:\\\/\\\/apartment-piran.com\\\/#website\",\"url\":\"https:\\\/\\\/apartment-piran.com\\\/\",\"name\":\"Topline Apartments Piran\",\"description\":\"Private accomodation apartments in Piran, Slovenia\",\"potentialAction\":[{\"@type\":\"SearchAction\",\"target\":{\"@type\":\"EntryPoint\",\"urlTemplate\":\"https:\\\/\\\/apartment-piran.com\\\/?s={search_term_string}\"},\"query-input\":{\"@type\":\"PropertyValueSpecification\",\"valueRequired\":true,\"valueName\":\"search_term_string\"}}],\"inLanguage\":\"de\"}]}<\/script>\n<!-- \/ Yoast SEO plugin. -->","yoast_head_json":{"title":"\u00dcber Piran - Topline Apartments Piran","robots":{"index":"index","follow":"follow","max-snippet":"max-snippet:-1","max-image-preview":"max-image-preview:large","max-video-preview":"max-video-preview:-1"},"canonical":"https:\/\/apartment-piran.com\/de\/ueber-piran\/","og_locale":"de_DE","og_type":"article","og_title":"\u00dcber Piran - Topline Apartments Piran","og_url":"https:\/\/apartment-piran.com\/de\/ueber-piran\/","og_site_name":"Topline Apartments Piran","article_modified_time":"2021-03-08T12:06:43+00:00","twitter_card":"summary_large_image","twitter_misc":{"Gesch\u00e4tzte Lesezeit":"5\u00a0Minuten"},"schema":{"@context":"https:\/\/schema.org","@graph":[{"@type":"WebPage","@id":"https:\/\/apartment-piran.com\/de\/ueber-piran\/","url":"https:\/\/apartment-piran.com\/de\/ueber-piran\/","name":"\u00dcber Piran - Topline Apartments Piran","isPartOf":{"@id":"https:\/\/apartment-piran.com\/#website"},"datePublished":"2018-01-18T14:37:19+00:00","dateModified":"2021-03-08T12:06:43+00:00","breadcrumb":{"@id":"https:\/\/apartment-piran.com\/de\/ueber-piran\/#breadcrumb"},"inLanguage":"de","potentialAction":[{"@type":"ReadAction","target":["https:\/\/apartment-piran.com\/de\/ueber-piran\/"]}]},{"@type":"BreadcrumbList","@id":"https:\/\/apartment-piran.com\/de\/ueber-piran\/#breadcrumb","itemListElement":[{"@type":"ListItem","position":1,"name":"Home","item":"https:\/\/apartment-piran.com\/de\/"},{"@type":"ListItem","position":2,"name":"\u00dcber Piran"}]},{"@type":"WebSite","@id":"https:\/\/apartment-piran.com\/#website","url":"https:\/\/apartment-piran.com\/","name":"Topline Apartments Piran","description":"Private accomodation apartments in Piran, Slovenia","potentialAction":[{"@type":"SearchAction","target":{"@type":"EntryPoint","urlTemplate":"https:\/\/apartment-piran.com\/?s={search_term_string}"},"query-input":{"@type":"PropertyValueSpecification","valueRequired":true,"valueName":"search_term_string"}}],"inLanguage":"de"}]}},"_links":{"self":[{"href":"https:\/\/apartment-piran.com\/de\/wp-json\/wp\/v2\/pages\/843","targetHints":{"allow":["GET"]}}],"collection":[{"href":"https:\/\/apartment-piran.com\/de\/wp-json\/wp\/v2\/pages"}],"about":[{"href":"https:\/\/apartment-piran.com\/de\/wp-json\/wp\/v2\/types\/page"}],"author":[{"embeddable":true,"href":"https:\/\/apartment-piran.com\/de\/wp-json\/wp\/v2\/users\/1"}],"replies":[{"embeddable":true,"href":"https:\/\/apartment-piran.com\/de\/wp-json\/wp\/v2\/comments?post=843"}],"version-history":[{"count":7,"href":"https:\/\/apartment-piran.com\/de\/wp-json\/wp\/v2\/pages\/843\/revisions"}],"predecessor-version":[{"id":3710,"href":"https:\/\/apartment-piran.com\/de\/wp-json\/wp\/v2\/pages\/843\/revisions\/3710"}],"wp:attachment":[{"href":"https:\/\/apartment-piran.com\/de\/wp-json\/wp\/v2\/media?parent=843"}],"curies":[{"name":"wp","href":"https:\/\/api.w.org\/{rel}","templated":true}]}}