{"id":2677,"date":"2020-03-25T09:49:53","date_gmt":"2020-03-25T08:49:53","guid":{"rendered":"https:\/\/apartment-piran.com\/\/?page_id=2677"},"modified":"2021-03-08T13:07:32","modified_gmt":"2021-03-08T12:07:32","slug":"un-po-di-pirano","status":"publish","type":"page","link":"https:\/\/apartment-piran.com\/it\/un-po-di-pirano\/","title":{"rendered":"Un po di Pirano"},"content":{"rendered":"<p><div class=\"fusion-fullwidth fullwidth-box fusion-builder-row-1 nonhundred-percent-fullwidth non-hundred-percent-height-scrolling\" style=\"background-color: rgba(255,255,255,0);background-position: center center;background-repeat: no-repeat;padding-top:0px;padding-right:0px;padding-bottom:0px;padding-left:0px;margin-bottom: 0px;margin-top: 0px;border-width: 0px 0px 0px 0px;border-color:#eae9e9;border-style:solid;\" ><div class=\"fusion-builder-row fusion-row\"><div class=\"fusion-layout-column fusion_builder_column fusion-builder-column-0 fusion_builder_column_1_1 1_1 fusion-one-full fusion-column-first fusion-column-last\" style=\"margin-top:0px;margin-bottom:0px;\"><div class=\"fusion-column-wrapper fusion-flex-column-wrapper-legacy\" style=\"background-position:left top;background-repeat:no-repeat;-webkit-background-size:cover;-moz-background-size:cover;-o-background-size:cover;background-size:cover;padding: 0px 0px 0px 0px;\"><div class=\"fusion-text fusion-text-1\"><p>Piano e una citt\u00e0 medievale, che nel corso dei secoli era sotto l&#8217;influenza della possente Venezia, \u00e8 senza dubbio una delle citt\u00e0 mediterranee pi\u00f9 belle, pi\u00f9 conservate e pi\u00f9 prestigiose. Questo piccolo e unico tesoro offre una natura meravigliosa\u00a0e incontaminata, la cultura ad ogni suo angolo, sale marino di prima classe prodotto nelle saline di Sicciole, olio d&#8217;oliva, vino, verdure e pesce mediterraneo. <em>La parte migliore \u00e8 che tutte queste bellezze e chicche sono cos\u00ec vicine! Ti invitiamo a venire a vedere questo nostro tesoro &#8211; e scoprirlo da te &#8230;<\/em><\/p>\n<\/div><div class=\"fusion-clearfix\"><\/div><\/div><\/div><\/div><\/div><div class=\"fusion-fullwidth fullwidth-box fusion-builder-row-2 nonhundred-percent-fullwidth non-hundred-percent-height-scrolling\" style=\"background-color: rgba(255,255,255,0);background-position: center center;background-repeat: no-repeat;padding-top:0px;padding-right:0px;padding-bottom:0px;padding-left:0px;margin-bottom: 0px;margin-top: 0px;border-width: 0px 0px 0px 0px;border-color:#eae9e9;border-style:solid;\" ><div class=\"fusion-builder-row fusion-row\"><div class=\"fusion-layout-column fusion_builder_column fusion-builder-column-1 fusion_builder_column_1_2 1_2 fusion-one-half fusion-column-first\" style=\"width:50%;width:calc(50% - ( ( 4% ) * 0.5 ) );margin-right: 4%;margin-top:0px;margin-bottom:20px;\"><div class=\"fusion-column-wrapper fusion-flex-column-wrapper-legacy\" style=\"background-position:left top;background-repeat:no-repeat;-webkit-background-size:cover;-moz-background-size:cover;-o-background-size:cover;background-size:cover;padding: 0px 0px 0px 0px;\"><span class=\" fusion-imageframe imageframe-none imageframe-1 hover-type-none\"><img decoding=\"async\" width=\"800\" height=\"497\" title=\"Piran19century\" src=\"https:\/\/apartment-piran.com\/wp-content\/uploads\/2018\/03\/Piran19century.jpg\" alt class=\"img-responsive wp-image-2706\" srcset=\"https:\/\/apartment-piran.com\/wp-content\/uploads\/2018\/03\/Piran19century-200x124.jpg 200w, https:\/\/apartment-piran.com\/wp-content\/uploads\/2018\/03\/Piran19century-400x249.jpg 400w, https:\/\/apartment-piran.com\/wp-content\/uploads\/2018\/03\/Piran19century-600x373.jpg 600w, https:\/\/apartment-piran.com\/wp-content\/uploads\/2018\/03\/Piran19century.jpg 800w\" sizes=\"(max-width: 800px) 100vw, 600px\" \/><\/span><div class=\"fusion-clearfix\"><\/div><\/div><\/div><div class=\"fusion-layout-column fusion_builder_column fusion-builder-column-2 fusion_builder_column_1_2 1_2 fusion-one-half fusion-column-last\" style=\"width:50%;width:calc(50% - ( ( 4% ) * 0.5 ) );margin-top:0px;margin-bottom:20px;\"><div class=\"fusion-column-wrapper fusion-flex-column-wrapper-legacy\" style=\"background-position:left top;background-repeat:no-repeat;-webkit-background-size:cover;-moz-background-size:cover;-o-background-size:cover;background-size:cover;padding: 0px 0px 0px 0px;\"><div class=\"fusion-text fusion-text-2\"><h2>Storia<\/h2>\n<p>Con la conquista romana della penisola istriana nel 178\/177 a.c. inizi\u00f2 la graduale colonizzazione e romanizzazione della penisola. Cos\u00ec, nell&#8217;entroterra di Pirano, vennero create &#8220;ville rustiche&#8221; romane e probabilmente il pi\u00f9 denso insediamento del Capo stesso non si stava ancora verificando. Cominci\u00f2 solo alla fine dell&#8217;Impero romano alla fine del V secolo, quando, in seguito alle invasioni e alle migrazioni dei popoli barbari, la popolazione romana si rifugi\u00f2 negli insediamenti insulari o negli avamposti fortificati lungo la costa.<\/p>\n<p>Nel VII secolo, Pirano sotto Bisanzio divenne un castrum fortemente fortificato, ed e cos\u00ec che incomincia il suo sviluppo urbano. Gi\u00e0 alla fine del VI secolo abbiamo assistito a una violenta invasione delle invasioni slave in Istria. A ci\u00f2 segu\u00ec una graduale colonizzazione slava, che fu aperta solo dalla conquista franca dell&#8217;Istria nel 788. I Franchi includevano l&#8217;Istria dal punto di vista amministrativo in Friuli e sostenevano il popolo slavo nella lotta politica ed economica contro la popolazione romana. Dopo la divisione dell&#8217;impero franco, la contea dell&#8217;Istria fu annessa al Regno italiano nell&#8217;843, nel 952 all&#8217;impero tedesco o al ducato di Baviera, nel 976 al ducato di Carinzia e infine al patriarcato di Aquileia.<\/p>\n<\/div><div class=\"fusion-clearfix\"><\/div><\/div><\/div><\/div><\/div><div class=\"fusion-fullwidth fullwidth-box fusion-builder-row-3 fusion-parallax-fixed nonhundred-percent-fullwidth non-hundred-percent-height-scrolling\" style=\"background-color: rgba(255,255,255,0);background-image: url(&quot;https:\/\/apartment-piran.com\/\/wp-content\/uploads\/2018\/01\/piran.jpg&quot;);background-position: center center;background-repeat: no-repeat;padding-top:0px;padding-right:0px;padding-bottom:0px;padding-left:0px;margin-bottom: 0px;margin-top: 0px;border-width: 0px 0px 0px 0px;border-color:#eae9e9;border-style:solid;-webkit-background-size:cover;-moz-background-size:cover;-o-background-size:cover;background-size:cover;background-attachment:fixed;\" ><div class=\"fusion-builder-row fusion-row\"><div class=\"fusion-layout-column fusion_builder_column fusion-builder-column-3 fusion_builder_column_1_1 1_1 fusion-one-full fusion-column-first fusion-column-last\" style=\"margin-top:40px;margin-bottom:40px;\"><div class=\"fusion-column-wrapper fusion-flex-column-wrapper-legacy\" style=\"background-position:left top;background-repeat:no-repeat;-webkit-background-size:cover;-moz-background-size:cover;-o-background-size:cover;background-size:cover;background-color:rgba(255,255,255,0.75);padding: 30px 30px 30px 30px;\"><div class=\"fusion-text fusion-text-3\"><p>A causa della graduale acquisizione dei propri territori e della possibilit\u00e0 di libero sviluppo del commercio marittimo, le citt\u00e0 lungo la costa istriana tra cui Pirano, cercarono di scrollarsi di dosso il pi\u00f9 possibile la dipendenza diretta dai signori feudali, trovando un alleato nella Repubblica Veneta, che era in crescita dal X secolo con forze navali e commerciali nell&#8217;Adriatico. La penetrazione veneziana della costa adriatica orientale fu decisiva per l&#8217;ulteriore sviluppo delle citt\u00e0 istriane, poich\u00e9 Venezia stava gi\u00e0 cercando i suoi mercati e le sue basi per penetrare nell&#8217;Adriatico centrale e meridionale. Cominciarono gradualmente a soggiogare le citt\u00e0 costiere istriane, ma prima stipularono contratti amichevoli e commerciali con loro. Presero anche Pirano sotto la loro protezione e in cambio la citt\u00e0 dovette stipulare un accordo commerciale con loro nel 933. Ma presto il popolo di Pirano si rese conto che i trattati con Venezia violavano la sua libert\u00e0 e indipendenza, cos\u00ec cercarono una via d&#8217;uscita nell&#8217;integrazione di difesa con le citt\u00e0 vicine, specialmente con Capodistria, nonch\u00e9 nel rafforzare la propria autonomia.<\/p>\n<\/div><div class=\"fusion-clearfix\"><\/div><\/div><\/div><\/div><\/div><div class=\"fusion-fullwidth fullwidth-box fusion-builder-row-4 nonhundred-percent-fullwidth non-hundred-percent-height-scrolling\" style=\"background-color: rgba(255,255,255,0);background-position: center center;background-repeat: no-repeat;padding-top:0px;padding-right:0px;padding-bottom:0px;padding-left:0px;margin-bottom: 0px;margin-top: 30px;border-width: 0px 0px 0px 0px;border-color:#eae9e9;border-style:solid;\" ><div class=\"fusion-builder-row fusion-row\"><div class=\"fusion-layout-column fusion_builder_column fusion-builder-column-4 fusion_builder_column_1_2 1_2 fusion-one-half fusion-column-first\" style=\"width:50%;width:calc(50% - ( ( 4% ) * 0.5 ) );margin-right: 4%;margin-top:0px;margin-bottom:20px;\"><div class=\"fusion-column-wrapper fusion-flex-column-wrapper-legacy\" style=\"background-position:left top;background-repeat:no-repeat;-webkit-background-size:cover;-moz-background-size:cover;-o-background-size:cover;background-size:cover;padding: 0px 0px 0px 0px;\"><div class=\"fusion-text fusion-text-4\"><p>Il boom economico portato alle citt\u00e0 istriane dal commercio marittimo e dall&#8217;entroterra \u00e8 dovuto al fatto che alla fine del XII secolo alcune citt\u00e0 ottennero l&#8217;autonomia e divennero comuni liberi con una struttura di potere eletta: Pirano nel 1192. Con la propria scelta di sindaci di citt\u00e0 &#8211; I podestati hanno persino firmato accordi commerciali tra loro.<\/p>\n<p>Gi\u00e0 nella seconda met\u00e0 del XIII secolo, la Repubblica Veneta inizi\u00f2 a conquistare le citt\u00e0 istriane e nel 1279 occup\u00f2 Capodistria, un anno dopo Izola e nel 1283 Pirano.<\/p>\n<p>Dal XV al XVII secolo, Pirano fu scosso dalle lotte sociali tra la nobilt\u00e0 e il popolare, che resistettero e espressero insoddisfazione per la nobile gestione delle casse comunali, la propriet\u00e0 delle saline e dell&#8217;entroterra e i diritti politici che cercavano di acquisire.<\/p>\n<p>Il protestantesimo si diffuse anche in Istria, che emerse a Pirano gi\u00e0 negli anni &#8217;30.<\/p>\n<\/div><div class=\"fusion-clearfix\"><\/div><\/div><\/div><div class=\"fusion-layout-column fusion_builder_column fusion-builder-column-5 fusion_builder_column_1_2 1_2 fusion-one-half fusion-column-last\" style=\"width:50%;width:calc(50% - ( ( 4% ) * 0.5 ) );margin-top:0px;margin-bottom:20px;\"><div class=\"fusion-column-wrapper fusion-flex-column-wrapper-legacy\" style=\"background-position:left top;background-repeat:no-repeat;-webkit-background-size:cover;-moz-background-size:cover;-o-background-size:cover;background-size:cover;padding: 0px 0px 0px 0px;\"><span class=\" fusion-imageframe imageframe-none imageframe-2 hover-type-none\"><img decoding=\"async\" width=\"1024\" height=\"785\" title=\"Tartini_Square_from_above_Piran_May_2009\" src=\"https:\/\/apartment-piran.com\/\/wp-content\/uploads\/2018\/03\/Tartini_Square_from_above_Piran_May_2009-1024x785.jpg\" alt class=\"img-responsive wp-image-2707\" srcset=\"https:\/\/apartment-piran.com\/wp-content\/uploads\/2018\/03\/Tartini_Square_from_above_Piran_May_2009-200x153.jpg 200w, https:\/\/apartment-piran.com\/wp-content\/uploads\/2018\/03\/Tartini_Square_from_above_Piran_May_2009-400x307.jpg 400w, https:\/\/apartment-piran.com\/wp-content\/uploads\/2018\/03\/Tartini_Square_from_above_Piran_May_2009-600x460.jpg 600w, https:\/\/apartment-piran.com\/wp-content\/uploads\/2018\/03\/Tartini_Square_from_above_Piran_May_2009-800x613.jpg 800w, https:\/\/apartment-piran.com\/wp-content\/uploads\/2018\/03\/Tartini_Square_from_above_Piran_May_2009-1200x920.jpg 1200w, https:\/\/apartment-piran.com\/wp-content\/uploads\/2018\/03\/Tartini_Square_from_above_Piran_May_2009.jpg 1409w\" sizes=\"(max-width: 800px) 100vw, 600px\" \/><\/span><div class=\"fusion-clearfix\"><\/div><\/div><\/div><\/div><\/div><\/p>\n","protected":false},"excerpt":{"rendered":"","protected":false},"author":1,"featured_media":0,"parent":0,"menu_order":0,"comment_status":"closed","ping_status":"closed","template":"100-width.php","meta":{"footnotes":""},"class_list":["post-2677","page","type-page","status-publish","hentry"],"yoast_head":"<!-- This site is optimized with the Yoast SEO plugin v27.3 - https:\/\/yoast.com\/product\/yoast-seo-wordpress\/ -->\n<title>Un po di Pirano - Topline Apartments Piran<\/title>\n<meta name=\"robots\" content=\"index, follow, max-snippet:-1, max-image-preview:large, max-video-preview:-1\" \/>\n<link rel=\"canonical\" href=\"https:\/\/apartment-piran.com\/it\/un-po-di-pirano\/\" \/>\n<meta property=\"og:locale\" content=\"it_IT\" \/>\n<meta property=\"og:type\" content=\"article\" \/>\n<meta property=\"og:title\" content=\"Un po di Pirano - Topline Apartments Piran\" \/>\n<meta property=\"og:url\" content=\"https:\/\/apartment-piran.com\/it\/un-po-di-pirano\/\" \/>\n<meta property=\"og:site_name\" content=\"Topline Apartments Piran\" \/>\n<meta property=\"article:modified_time\" content=\"2021-03-08T12:07:32+00:00\" \/>\n<meta name=\"twitter:card\" content=\"summary_large_image\" \/>\n<meta name=\"twitter:label1\" content=\"Tempo di lettura stimato\" \/>\n\t<meta name=\"twitter:data1\" content=\"5 minuti\" \/>\n<script type=\"application\/ld+json\" class=\"yoast-schema-graph\">{\"@context\":\"https:\\\/\\\/schema.org\",\"@graph\":[{\"@type\":\"WebPage\",\"@id\":\"https:\\\/\\\/apartment-piran.com\\\/it\\\/un-po-di-pirano\\\/\",\"url\":\"https:\\\/\\\/apartment-piran.com\\\/it\\\/un-po-di-pirano\\\/\",\"name\":\"Un po di Pirano - Topline Apartments Piran\",\"isPartOf\":{\"@id\":\"https:\\\/\\\/apartment-piran.com\\\/#website\"},\"datePublished\":\"2020-03-25T08:49:53+00:00\",\"dateModified\":\"2021-03-08T12:07:32+00:00\",\"breadcrumb\":{\"@id\":\"https:\\\/\\\/apartment-piran.com\\\/it\\\/un-po-di-pirano\\\/#breadcrumb\"},\"inLanguage\":\"it-IT\",\"potentialAction\":[{\"@type\":\"ReadAction\",\"target\":[\"https:\\\/\\\/apartment-piran.com\\\/it\\\/un-po-di-pirano\\\/\"]}]},{\"@type\":\"BreadcrumbList\",\"@id\":\"https:\\\/\\\/apartment-piran.com\\\/it\\\/un-po-di-pirano\\\/#breadcrumb\",\"itemListElement\":[{\"@type\":\"ListItem\",\"position\":1,\"name\":\"Home\",\"item\":\"https:\\\/\\\/apartment-piran.com\\\/it\\\/\"},{\"@type\":\"ListItem\",\"position\":2,\"name\":\"Un po di Pirano\"}]},{\"@type\":\"WebSite\",\"@id\":\"https:\\\/\\\/apartment-piran.com\\\/#website\",\"url\":\"https:\\\/\\\/apartment-piran.com\\\/\",\"name\":\"Topline Apartments Piran\",\"description\":\"Private accomodation apartments in Piran, Slovenia\",\"potentialAction\":[{\"@type\":\"SearchAction\",\"target\":{\"@type\":\"EntryPoint\",\"urlTemplate\":\"https:\\\/\\\/apartment-piran.com\\\/?s={search_term_string}\"},\"query-input\":{\"@type\":\"PropertyValueSpecification\",\"valueRequired\":true,\"valueName\":\"search_term_string\"}}],\"inLanguage\":\"it-IT\"}]}<\/script>\n<!-- \/ Yoast SEO plugin. -->","yoast_head_json":{"title":"Un po di Pirano - Topline Apartments Piran","robots":{"index":"index","follow":"follow","max-snippet":"max-snippet:-1","max-image-preview":"max-image-preview:large","max-video-preview":"max-video-preview:-1"},"canonical":"https:\/\/apartment-piran.com\/it\/un-po-di-pirano\/","og_locale":"it_IT","og_type":"article","og_title":"Un po di Pirano - Topline Apartments Piran","og_url":"https:\/\/apartment-piran.com\/it\/un-po-di-pirano\/","og_site_name":"Topline Apartments Piran","article_modified_time":"2021-03-08T12:07:32+00:00","twitter_card":"summary_large_image","twitter_misc":{"Tempo di lettura stimato":"5 minuti"},"schema":{"@context":"https:\/\/schema.org","@graph":[{"@type":"WebPage","@id":"https:\/\/apartment-piran.com\/it\/un-po-di-pirano\/","url":"https:\/\/apartment-piran.com\/it\/un-po-di-pirano\/","name":"Un po di Pirano - Topline Apartments Piran","isPartOf":{"@id":"https:\/\/apartment-piran.com\/#website"},"datePublished":"2020-03-25T08:49:53+00:00","dateModified":"2021-03-08T12:07:32+00:00","breadcrumb":{"@id":"https:\/\/apartment-piran.com\/it\/un-po-di-pirano\/#breadcrumb"},"inLanguage":"it-IT","potentialAction":[{"@type":"ReadAction","target":["https:\/\/apartment-piran.com\/it\/un-po-di-pirano\/"]}]},{"@type":"BreadcrumbList","@id":"https:\/\/apartment-piran.com\/it\/un-po-di-pirano\/#breadcrumb","itemListElement":[{"@type":"ListItem","position":1,"name":"Home","item":"https:\/\/apartment-piran.com\/it\/"},{"@type":"ListItem","position":2,"name":"Un po di Pirano"}]},{"@type":"WebSite","@id":"https:\/\/apartment-piran.com\/#website","url":"https:\/\/apartment-piran.com\/","name":"Topline Apartments Piran","description":"Private accomodation apartments in Piran, Slovenia","potentialAction":[{"@type":"SearchAction","target":{"@type":"EntryPoint","urlTemplate":"https:\/\/apartment-piran.com\/?s={search_term_string}"},"query-input":{"@type":"PropertyValueSpecification","valueRequired":true,"valueName":"search_term_string"}}],"inLanguage":"it-IT"}]}},"_links":{"self":[{"href":"https:\/\/apartment-piran.com\/it\/wp-json\/wp\/v2\/pages\/2677","targetHints":{"allow":["GET"]}}],"collection":[{"href":"https:\/\/apartment-piran.com\/it\/wp-json\/wp\/v2\/pages"}],"about":[{"href":"https:\/\/apartment-piran.com\/it\/wp-json\/wp\/v2\/types\/page"}],"author":[{"embeddable":true,"href":"https:\/\/apartment-piran.com\/it\/wp-json\/wp\/v2\/users\/1"}],"replies":[{"embeddable":true,"href":"https:\/\/apartment-piran.com\/it\/wp-json\/wp\/v2\/comments?post=2677"}],"version-history":[{"count":10,"href":"https:\/\/apartment-piran.com\/it\/wp-json\/wp\/v2\/pages\/2677\/revisions"}],"predecessor-version":[{"id":3713,"href":"https:\/\/apartment-piran.com\/it\/wp-json\/wp\/v2\/pages\/2677\/revisions\/3713"}],"wp:attachment":[{"href":"https:\/\/apartment-piran.com\/it\/wp-json\/wp\/v2\/media?parent=2677"}],"curies":[{"name":"wp","href":"https:\/\/api.w.org\/{rel}","templated":true}]}}